{"id":3,"date":"2022-07-31T16:02:53","date_gmt":"2022-07-31T16:02:53","guid":{"rendered":"https:\/\/bajbuk.com.pl\/?page_id=3"},"modified":"2022-12-11T12:29:08","modified_gmt":"2022-12-11T12:29:08","slug":"polityka-prywatnosci","status":"publish","type":"page","link":"https:\/\/bajbuk.com.pl\/?page_id=3","title":{"rendered":"Polityka Prywatno\u015bci"},"content":{"rendered":"\n<h2 class=\"wp-block-heading\">Kim jeste\u015bmy?<\/h2>\n\n\n\n<p>Administratorem tej strony internetowej jest firma:<\/p>\n\n\n\n<p><strong>Bajbuk Katarzyna Szwarc<\/strong><\/p>\n\n\n\n<p>ul. Bratnia 3\/8<\/p>\n\n\n\n<p>02-469 Warszawa<\/p>\n\n\n\n<p>NIP 1181567336<\/p>\n\n\n\n<p>Adres strony internetowej: <strong>bajbuk.com.pl<\/strong><\/p>\n\n\n\n<h2 class=\"wp-block-heading\">Cookies (&#8220;Ciasteczka&#8221;)<\/h2>\n\n\n\n<p>Pliki cookies (tak zwane \u201eciasteczka\u201d) stanowi\u0105 dane informatyczne, w szczeg\u00f3lno\u015bci pliki tekstowe, kt\u00f3re przechowywane s\u0105 w urz\u0105dzeniu ko\u0144cowym U\u017cytkownika i przeznaczone s\u0105 do korzystania ze strony internetowej. Cookies zazwyczaj zawieraj\u0105 nazw\u0119 strony internetowej, z kt\u00f3rej pochodz\u0105, czas przechowywania ich na urz\u0105dzeniu ko\u0144cowym oraz unikalny numer.<\/p>\n\n\n\n<p>Konsekwencj\u0105 zaakceptowania plik\u00f3w cookie jest to, \u017ce\u00a0w\u00a0pami\u0119ci wykorzystywanego przez\u00a0U\u017cytkownika urz\u0105dzenia np.\u00a0tabletu, komputera czy\u00a0telefonu zostanie utrwalona informacja pochodz\u0105ca od\u00a0dostawcy danej us\u0142ugi, nad\u00a0kt\u00f3r\u0105 U\u017cytkownik nie\u00a0ma\u00a0kontroli.<\/p>\n\n\n\n<p>Nasza strona internetowa bezpo\u015brednio nie u\u017cywa ciasteczek, jednak s\u0105 one stosowane przez wykorzystywany przez na system WordPress oraz osadzone tre\u015bci Facebook&#8217;a oraz Google Maps.<\/p>\n\n\n\n<h3 class=\"wp-block-heading\">CMS WordPress.org<\/h3>\n\n\n\n<p>Ta strona pracuje pod systemem WordPress (WordPress.org). Wykorzystuje on ciasteczka w celach konfiguracyjnych i statystycznych. W szczeg\u00f3lno\u015bci przetwarzane s\u0105 informacje o rozdzielczo\u015bci ekranu, o akceptacji ciasteczek, o zalogowaniu do WordPress. <\/p>\n\n\n\n<p>W przypadku zalogowanych u\u017cytkownik\u00f3w mo\u017cliwe jest \u015bledzenie i analizowanie na potrzeby zwi\u0105zane z dopasowaniem marketingowym.<\/p>\n\n\n\n<p>Wi\u0119cej na ten temat mo\u017cna przeczyta\u0107 w <a href=\"https:\/\/wordpress.org\/about\/privacy\/\" target=\"_blank\" rel=\"noreferrer noopener\">Polityce Prywatno\u015bci WordPress.org<\/a><\/p>\n\n\n\n<h3 class=\"wp-block-heading\">Tre\u015bci osadzone<\/h3>\n\n\n\n<h4 class=\"wp-block-heading\">Serwis Facebook<\/h4>\n\n\n\n<p>Strona zawiera osadzon\u0105 ramk\u0119 ze stron\u0105 serwisu Facebook. Je\u017celi u\u017cytkownik posiada konto w tym serwisie i jest na nie zalogowany, to strona <strong>bajbuk.com.pl<\/strong> b\u0119dzie u\u017cywa\u0142a po\u015brednio ciasteczek, system\u00f3w \u015bledzenia (tak\u017ce serwis\u00f3w zewn\u0119trznych), rejestrowania informacji o u\u017cytkowniku i badania interakcji. Informacje b\u0119d\u0105 analizowane, przechowywane i wykorzystywane w takim samym stopniu, w jakim by\u0142by to wykonywane dla u\u017cytkownika zalogowanego na oryginalnej stronie facebook.com. <\/p>\n\n\n\n<p>Wi\u0119cej na ten temat mo\u017cna przeczyta\u0107 w <a rel=\"noreferrer noopener\" href=\"https:\/\/www.facebook.com\/privacy\/policies\/cookies\/\" target=\"_blank\">Polityce Prywatno\u015bci Facebook<\/a>.<\/p>\n\n\n\n<h4 class=\"wp-block-heading\">Serwis Google Maps<\/h4>\n\n\n\n<p>W naszym serwisie wykorzystujemy Google Maps do przedstawienia lokalizacji miejsca dzia\u0142alno\u015bci Firmy. Firma Google mo\u017ce przesy\u0142a\u0107 Pa\u0144stwu plik cookie o nazwie \u201eNID\u201d (z czasem przechowywania wynosz\u0105cym sze\u015b\u0107 miesi\u0119cy) oraz plik cookie zwany \u201ePREF\u201d (z czasem przechowywania wynosz\u0105cym dwa lata). Wi\u0119cej na ten temat mo\u017cna przeczyta\u0107 w\u00a0<a rel=\"noreferrer noopener\" href=\"http:\/\/www.google.co.uk\/intl\/en-GB\/policies\/\" target=\"_blank\">Polityce Prywatno\u015bci Google<\/a>.<\/p>\n\n\n\n<h3 class=\"wp-block-heading\">Wy\u0142\u0105czenie ciasteczek<\/h3>\n\n\n\n<p>Poni\u017cej zamieszczamy odes\u0142ania do om\u00f3wienia sposobu ustalenia zasad korzystania z cookies w najpopularniejszych przegl\u0105darkach internetowych dla komputer\u00f3w stacjonarnych i laptop\u00f3w:<\/p>\n\n\n\n<p><a href=\"http:\/\/support.mozilla.org\/pl\/kb\/usuwanie-ciasteczek\" target=\"_blank\" rel=\"noreferrer noopener\">Firefox &#8211; o ciasteczkach<\/a><\/p>\n\n\n\n<p><a href=\"http:\/\/support.microsoft.com\/kb\/278835\/pl\" target=\"_blank\" rel=\"noreferrer noopener\">Internet Explorer &#8211; o ciasteczkach<\/a><\/p>\n\n\n\n<p><a href=\"https:\/\/support.microsoft.com\/pl-pl\/microsoft-edge\/usuwanie-plik%C3%B3w-cookie-w-przegl%C4%85darce-microsoft-edge-63947406-40ac-c3b8-57b9-2a946a29ae09\" target=\"_blank\" rel=\"noreferrer noopener\">Microsoft Edge &#8211; o ciasteczkach<\/a><\/p>\n\n\n\n<p><a href=\"http:\/\/support.google.com\/chrome\/bin\/answer.py?hl=pl&amp;answer=95647\" target=\"_blank\" rel=\"noreferrer noopener\">Chrome &#8211; o ciasteczkach<\/a><\/p>\n\n\n\n<p><a href=\"http:\/\/support.apple.com\/kb\/PH5042\" target=\"_blank\" rel=\"noreferrer noopener\">Safari &#8211; o ciasteczkach<\/a><\/p>\n\n\n\n<p>Instrukcje usuwanie ciasteczek dla popularnych urz\u0105dze\u0144 mobilnych:<\/p>\n\n\n\n<p><a href=\"https:\/\/support.google.com\/chrome\/answer\/95647?hl=pl\" target=\"_blank\" rel=\"noreferrer noopener\">Android &#8211; o ciasteczkach<\/a><\/p>\n\n\n\n<p><a href=\"https:\/\/support.apple.com\/pl-pl\/HT201265\" target=\"_blank\" rel=\"noreferrer noopener\">iOS (Safari) &#8211; o ciasteczkach<\/a><\/p>\n\n\n\n<h2 class=\"wp-block-heading\">Udost\u0119pnianie danych u\u017cytkownik\u00f3w<\/h2>\n\n\n\n<p>Strona <strong>bajbuk.com.pl<\/strong> nie udost\u0119pnia danych u\u017cytkownik\u00f3w. Korzysta jednak z ciasteczek zwi\u0105zanych z systemem WordPress.org, serwisami Facebook i Google Maps, dane u\u017cytkownik\u00f3w mog\u0105 zatem by\u0107 przetwarzane przez wymienione podmioty. Szczeg\u00f3\u0142y zosta\u0142y om\u00f3wione na ich stronach polityki prywatno\u015bci (linki podane s\u0105 powy\u017cej, w odpowiednich sekcjach tego dokumentu). <\/p>\n\n\n\n<h2 class=\"wp-block-heading\">Komentarze<\/h2>\n\n\n\n<p>Nie ma mo\u017cliwo\u015bci zostawienia komentarza bezpo\u015brednio na stronie bajbuk.com.pl. W zwi\u0105zku z tym dane tego rodzaju nie s\u0105 gromadzone i przetwarzane.<\/p>\n\n\n\n<p><\/p>\n","protected":false},"excerpt":{"rendered":"<p>Kim jeste\u015bmy? Administratorem tej strony internetowej jest firma: Bajbuk Katarzyna Szwarc ul. Bratnia 3\/8 02-469 Warszawa NIP 1181567336 Adres strony internetowej: bajbuk.com.pl Cookies (&#8220;Ciasteczka&#8221;)<a href=\"https:\/\/bajbuk.com.pl\/?page_id=3\" rel=\"nofollow\">[&#8230;]<\/a><\/p>\n","protected":false},"author":1,"featured_media":0,"parent":0,"menu_order":0,"comment_status":"closed","ping_status":"open","template":"","meta":{"footnotes":""},"class_list":["post-3","page","type-page","status-publish","hentry"],"_links":{"self":[{"href":"https:\/\/bajbuk.com.pl\/index.php?rest_route=\/wp\/v2\/pages\/3","targetHints":{"allow":["GET"]}}],"collection":[{"href":"https:\/\/bajbuk.com.pl\/index.php?rest_route=\/wp\/v2\/pages"}],"about":[{"href":"https:\/\/bajbuk.com.pl\/index.php?rest_route=\/wp\/v2\/types\/page"}],"author":[{"embeddable":true,"href":"https:\/\/bajbuk.com.pl\/index.php?rest_route=\/wp\/v2\/users\/1"}],"replies":[{"embeddable":true,"href":"https:\/\/bajbuk.com.pl\/index.php?rest_route=%2Fwp%2Fv2%2Fcomments&post=3"}],"version-history":[{"count":7,"href":"https:\/\/bajbuk.com.pl\/index.php?rest_route=\/wp\/v2\/pages\/3\/revisions"}],"predecessor-version":[{"id":141,"href":"https:\/\/bajbuk.com.pl\/index.php?rest_route=\/wp\/v2\/pages\/3\/revisions\/141"}],"wp:attachment":[{"href":"https:\/\/bajbuk.com.pl\/index.php?rest_route=%2Fwp%2Fv2%2Fmedia&parent=3"}],"curies":[{"name":"wp","href":"https:\/\/api.w.org\/{rel}","templated":true}]}}