{"id":48,"date":"2022-10-02T14:26:23","date_gmt":"2022-10-02T14:26:23","guid":{"rendered":"https:\/\/bajbuk.com.pl\/?page_id=48"},"modified":"2022-11-13T15:34:45","modified_gmt":"2022-11-13T15:34:45","slug":"kontakt","status":"publish","type":"page","link":"https:\/\/bajbuk.com.pl\/?page_id=48","title":{"rendered":"Kontakt"},"content":{"rendered":"\n<p>Ksi\u0119garnia Bajbuk<\/p>\n\n\n\n<p>ul. Zwyci\u0119zc\u00f3w 24<\/p>\n\n\n\n<p>03-938 Warszawa<\/p>\n\n\n\n<p>Nr. telefonu:<\/p>\n\n\n&#x2b;&#x34;&#56; &#x35;&#x30;&#50; 7&#x31;&#x33;&#32;9&#x30;&#x38;\n\n\n\n<p>e-mail:<\/p>\n\n\nbajbuk&#64;bajbu&#107;&#46;&#112;&#108;\n\n\n\n<p><a rel=\"noreferrer noopener\" href=\"http:\/\/facebook.com\/Bajbuk\" target=\"_blank\">http:\/\/facebook.com\/Bajbuk<\/a><\/p>\n\n\n\n<p><a href=\"https:\/\/instagram.com\/bajbuk\">https:\/\/instagram.com\/bajbuk<\/a><\/p>\n\n\n\n<hr class=\"wp-block-separator has-alpha-channel-opacity\"\/>\n\n\n\n<h2 class=\"wp-block-heading\">Bajbuk na mapie<\/h2>\n\n\n\n<iframe class=\"map-responsive\" src=\"https:\/\/www.google.com\/maps\/embed?pb=!1m18!1m12!1m3!1d2443.6652639407453!2d21.053083515014944!3d52.23129906533788!2m3!1f0!2f0!3f0!3m2!1i1024!2i768!4f13.1!3m3!1m2!1s0x471ecda9bcdd8d5d%3A0x79637826a2dbb8bf!2sKsi%C4%99garnia%20Bajbuk!5e0!3m2!1sen!2spl!4v1665917195063!5m2!1sen!2spl\" width=\"400\" height=\"300\" style=\"border:0;\" allowfullscreen=\"\" loading=\"lazy\" referrerpolicy=\"no-referrer-when-downgrade\"><\/iframe>\n\n\n\n<hr class=\"wp-block-separator has-alpha-channel-opacity\"\/>\n\n\n\n<h2 class=\"wp-block-heading\">Dane handlowe<\/h2>\n\n\n\n<p>Bajbuk Katarzyna Szwarc<\/p>\n\n\n\n<p>ul. Bratnia 3\/8<\/p>\n\n\n\n<p>02-469 Warszawa<\/p>\n\n\n\n<p>NIP 1181567336<\/p>\n","protected":false},"excerpt":{"rendered":"<p>Ksi\u0119garnia Bajbuk ul. Zwyci\u0119zc\u00f3w 24 03-938 Warszawa Nr. telefonu: e-mail: http:\/\/facebook.com\/Bajbuk https:\/\/instagram.com\/bajbuk Bajbuk na mapie Dane handlowe Bajbuk Katarzyna Szwarc ul. Bratnia 3\/8 02-469<a href=\"https:\/\/bajbuk.com.pl\/?page_id=48\" rel=\"nofollow\">[&#8230;]<\/a><\/p>\n","protected":false},"author":1,"featured_media":0,"parent":0,"menu_order":0,"comment_status":"closed","ping_status":"closed","template":"","meta":{"footnotes":""},"class_list":["post-48","page","type-page","status-publish","hentry"],"_links":{"self":[{"href":"https:\/\/bajbuk.com.pl\/index.php?rest_route=\/wp\/v2\/pages\/48","targetHints":{"allow":["GET"]}}],"collection":[{"href":"https:\/\/bajbuk.com.pl\/index.php?rest_route=\/wp\/v2\/pages"}],"about":[{"href":"https:\/\/bajbuk.com.pl\/index.php?rest_route=\/wp\/v2\/types\/page"}],"author":[{"embeddable":true,"href":"https:\/\/bajbuk.com.pl\/index.php?rest_route=\/wp\/v2\/users\/1"}],"replies":[{"embeddable":true,"href":"https:\/\/bajbuk.com.pl\/index.php?rest_route=%2Fwp%2Fv2%2Fcomments&post=48"}],"version-history":[{"count":19,"href":"https:\/\/bajbuk.com.pl\/index.php?rest_route=\/wp\/v2\/pages\/48\/revisions"}],"predecessor-version":[{"id":114,"href":"https:\/\/bajbuk.com.pl\/index.php?rest_route=\/wp\/v2\/pages\/48\/revisions\/114"}],"wp:attachment":[{"href":"https:\/\/bajbuk.com.pl\/index.php?rest_route=%2Fwp%2Fv2%2Fmedia&parent=48"}],"curies":[{"name":"wp","href":"https:\/\/api.w.org\/{rel}","templated":true}]}}